{"id":1004,"date":"2020-03-18T15:36:12","date_gmt":"2020-03-18T14:36:12","guid":{"rendered":"https:\/\/www.makemoneyorganization.com\/chi-siamo\/"},"modified":"2022-11-16T09:23:00","modified_gmt":"2022-11-16T08:23:00","slug":"lentreprise","status":"publish","type":"page","link":"https:\/\/www.makemoneyorganization.com\/fr\/lentreprise\/","title":{"rendered":"L&#8217;entreprise"},"content":{"rendered":"\n<p>Make Money Organization est la soci\u00e9t\u00e9 de formation pour agents et conseillers en immobilier la plus importante en Italie en terme de chiffre d&#8217;affaires, nombre de clients et journ\u00e9es de formations fournies. Le taux de fid\u00e9lisation est de 60% depuis plusieurs ann\u00e9es.<\/p>\n\n\n\n<p>La soci\u00e9t\u00e9 est \u00e9galement pr\u00e9sente sur le territoire francophone surtout en Suisse et Belgique. L&#8217;\u00e9quipe est compos\u00e9e de plus de 40 personnes: des employ\u00e9s, des collaborateurs externes et des coachs.<\/p>\n","protected":false},"excerpt":{"rendered":"<p>Make Money Organization est la soci\u00e9t\u00e9 de formation pour agents et conseillers en immobilier la plus importante en Italie en terme de chiffre d&#8217;affaires, nombre de clients et journ\u00e9es de formations fournies. Le taux de fid\u00e9lisation est de 60% depuis plusieurs ann\u00e9es. La soci\u00e9t\u00e9 est \u00e9galement pr\u00e9sente sur le territoire francophone surtout en Suisse et [&hellip;]<\/p>\n","protected":false},"author":1,"featured_media":1005,"parent":0,"menu_order":2,"comment_status":"closed","ping_status":"closed","template":"page-chi-siamo.php","meta":{"content-type":"","inline_featured_image":false},"acf":[],"yoast_head":"<!-- This site is optimized with the Yoast SEO plugin v19.8 - https:\/\/yoast.com\/wordpress\/plugins\/seo\/ -->\n<title>L&#039;entreprise | MMO S.p.A.<\/title>\n<meta name=\"robots\" content=\"index, follow, max-snippet:-1, max-image-preview:large, max-video-preview:-1\" \/>\n<link rel=\"canonical\" href=\"https:\/\/www.makemoneyorganization.com\/fr\/lentreprise\/\" \/>\n<meta property=\"og:locale\" content=\"fr_FR\" \/>\n<meta property=\"og:type\" content=\"article\" \/>\n<meta property=\"og:title\" content=\"L&#039;entreprise | MMO S.p.A.\" \/>\n<meta property=\"og:description\" content=\"Make Money Organization est la soci\u00e9t\u00e9 de formation pour agents et conseillers en immobilier la plus importante en Italie en terme de chiffre d&#8217;affaires, nombre de clients et journ\u00e9es de formations fournies. Le taux de fid\u00e9lisation est de 60% depuis plusieurs ann\u00e9es. La soci\u00e9t\u00e9 est \u00e9galement pr\u00e9sente sur le territoire francophone surtout en Suisse et [&hellip;]\" \/>\n<meta property=\"og:url\" content=\"https:\/\/www.makemoneyorganization.com\/fr\/lentreprise\/\" \/>\n<meta property=\"og:site_name\" content=\"MMO S.p.A.\" \/>\n<meta property=\"article:modified_time\" content=\"2022-11-16T08:23:00+00:00\" \/>\n<meta property=\"og:image\" content=\"https:\/\/www.makemoneyorganization.com\/wp-content\/uploads\/2020\/04\/top_chi_siamo-scaled.jpg\" \/>\n\t<meta property=\"og:image:width\" content=\"2560\" \/>\n\t<meta property=\"og:image:height\" content=\"934\" \/>\n\t<meta property=\"og:image:type\" content=\"image\/jpeg\" \/>\n<meta name=\"twitter:card\" content=\"summary_large_image\" \/>\n<meta name=\"twitter:label1\" content=\"Dur\u00e9e de lecture estim\u00e9e\" \/>\n\t<meta name=\"twitter:data1\" content=\"1 minute\" \/>\n<script type=\"application\/ld+json\" class=\"yoast-schema-graph\">{\"@context\":\"https:\/\/schema.org\",\"@graph\":[{\"@type\":\"WebPage\",\"@id\":\"https:\/\/www.makemoneyorganization.com\/fr\/lentreprise\/\",\"url\":\"https:\/\/www.makemoneyorganization.com\/fr\/lentreprise\/\",\"name\":\"L'entreprise | MMO S.p.A.\",\"isPartOf\":{\"@id\":\"https:\/\/www.makemoneyorganization.com\/fr\/#website\"},\"datePublished\":\"2020-03-18T14:36:12+00:00\",\"dateModified\":\"2022-11-16T08:23:00+00:00\",\"breadcrumb\":{\"@id\":\"https:\/\/www.makemoneyorganization.com\/fr\/lentreprise\/#breadcrumb\"},\"inLanguage\":\"fr-FR\",\"potentialAction\":[{\"@type\":\"ReadAction\",\"target\":[\"https:\/\/www.makemoneyorganization.com\/fr\/lentreprise\/\"]}]},{\"@type\":\"BreadcrumbList\",\"@id\":\"https:\/\/www.makemoneyorganization.com\/fr\/lentreprise\/#breadcrumb\",\"itemListElement\":[{\"@type\":\"ListItem\",\"position\":1,\"name\":\"Home\",\"item\":\"https:\/\/www.makemoneyorganization.com\/fr\/\"},{\"@type\":\"ListItem\",\"position\":2,\"name\":\"L&#8217;entreprise\"}]},{\"@type\":\"WebSite\",\"@id\":\"https:\/\/www.makemoneyorganization.com\/fr\/#website\",\"url\":\"https:\/\/www.makemoneyorganization.com\/fr\/\",\"name\":\"MMO S.p.A.\",\"description\":\"Percorsi di formazione immobiliare e seminari specifici per il tuo business\",\"publisher\":{\"@id\":\"https:\/\/www.makemoneyorganization.com\/fr\/#organization\"},\"potentialAction\":[{\"@type\":\"SearchAction\",\"target\":{\"@type\":\"EntryPoint\",\"urlTemplate\":\"https:\/\/www.makemoneyorganization.com\/fr\/?s={search_term_string}\"},\"query-input\":\"required name=search_term_string\"}],\"inLanguage\":\"fr-FR\"},{\"@type\":\"Organization\",\"@id\":\"https:\/\/www.makemoneyorganization.com\/fr\/#organization\",\"name\":\"Make Money Organization\",\"url\":\"https:\/\/www.makemoneyorganization.com\/fr\/\",\"sameAs\":[],\"logo\":{\"@type\":\"ImageObject\",\"inLanguage\":\"fr-FR\",\"@id\":\"https:\/\/www.makemoneyorganization.com\/fr\/#\/schema\/logo\/image\/\",\"url\":\"https:\/\/www.makemoneyorganization.com\/wp-content\/uploads\/2020\/05\/logo-make-money-finale.png\",\"contentUrl\":\"https:\/\/www.makemoneyorganization.com\/wp-content\/uploads\/2020\/05\/logo-make-money-finale.png\",\"width\":2726,\"height\":1408,\"caption\":\"Make Money Organization\"},\"image\":{\"@id\":\"https:\/\/www.makemoneyorganization.com\/fr\/#\/schema\/logo\/image\/\"}}]}<\/script>\n<!-- \/ Yoast SEO plugin. -->","yoast_head_json":{"title":"L'entreprise | MMO S.p.A.","robots":{"index":"index","follow":"follow","max-snippet":"max-snippet:-1","max-image-preview":"max-image-preview:large","max-video-preview":"max-video-preview:-1"},"canonical":"https:\/\/www.makemoneyorganization.com\/fr\/lentreprise\/","og_locale":"fr_FR","og_type":"article","og_title":"L'entreprise | MMO S.p.A.","og_description":"Make Money Organization est la soci\u00e9t\u00e9 de formation pour agents et conseillers en immobilier la plus importante en Italie en terme de chiffre d&#8217;affaires, nombre de clients et journ\u00e9es de formations fournies. Le taux de fid\u00e9lisation est de 60% depuis plusieurs ann\u00e9es. La soci\u00e9t\u00e9 est \u00e9galement pr\u00e9sente sur le territoire francophone surtout en Suisse et [&hellip;]","og_url":"https:\/\/www.makemoneyorganization.com\/fr\/lentreprise\/","og_site_name":"MMO S.p.A.","article_modified_time":"2022-11-16T08:23:00+00:00","og_image":[{"width":2560,"height":934,"url":"https:\/\/www.makemoneyorganization.com\/wp-content\/uploads\/2020\/04\/top_chi_siamo-scaled.jpg","type":"image\/jpeg"}],"twitter_card":"summary_large_image","twitter_misc":{"Dur\u00e9e de lecture estim\u00e9e":"1 minute"},"schema":{"@context":"https:\/\/schema.org","@graph":[{"@type":"WebPage","@id":"https:\/\/www.makemoneyorganization.com\/fr\/lentreprise\/","url":"https:\/\/www.makemoneyorganization.com\/fr\/lentreprise\/","name":"L'entreprise | MMO S.p.A.","isPartOf":{"@id":"https:\/\/www.makemoneyorganization.com\/fr\/#website"},"datePublished":"2020-03-18T14:36:12+00:00","dateModified":"2022-11-16T08:23:00+00:00","breadcrumb":{"@id":"https:\/\/www.makemoneyorganization.com\/fr\/lentreprise\/#breadcrumb"},"inLanguage":"fr-FR","potentialAction":[{"@type":"ReadAction","target":["https:\/\/www.makemoneyorganization.com\/fr\/lentreprise\/"]}]},{"@type":"BreadcrumbList","@id":"https:\/\/www.makemoneyorganization.com\/fr\/lentreprise\/#breadcrumb","itemListElement":[{"@type":"ListItem","position":1,"name":"Home","item":"https:\/\/www.makemoneyorganization.com\/fr\/"},{"@type":"ListItem","position":2,"name":"L&#8217;entreprise"}]},{"@type":"WebSite","@id":"https:\/\/www.makemoneyorganization.com\/fr\/#website","url":"https:\/\/www.makemoneyorganization.com\/fr\/","name":"MMO S.p.A.","description":"Percorsi di formazione immobiliare e seminari specifici per il tuo business","publisher":{"@id":"https:\/\/www.makemoneyorganization.com\/fr\/#organization"},"potentialAction":[{"@type":"SearchAction","target":{"@type":"EntryPoint","urlTemplate":"https:\/\/www.makemoneyorganization.com\/fr\/?s={search_term_string}"},"query-input":"required name=search_term_string"}],"inLanguage":"fr-FR"},{"@type":"Organization","@id":"https:\/\/www.makemoneyorganization.com\/fr\/#organization","name":"Make Money Organization","url":"https:\/\/www.makemoneyorganization.com\/fr\/","sameAs":[],"logo":{"@type":"ImageObject","inLanguage":"fr-FR","@id":"https:\/\/www.makemoneyorganization.com\/fr\/#\/schema\/logo\/image\/","url":"https:\/\/www.makemoneyorganization.com\/wp-content\/uploads\/2020\/05\/logo-make-money-finale.png","contentUrl":"https:\/\/www.makemoneyorganization.com\/wp-content\/uploads\/2020\/05\/logo-make-money-finale.png","width":2726,"height":1408,"caption":"Make Money Organization"},"image":{"@id":"https:\/\/www.makemoneyorganization.com\/fr\/#\/schema\/logo\/image\/"}}]}},"_links":{"self":[{"href":"https:\/\/www.makemoneyorganization.com\/fr\/wp-json\/wp\/v2\/pages\/1004"}],"collection":[{"href":"https:\/\/www.makemoneyorganization.com\/fr\/wp-json\/wp\/v2\/pages"}],"about":[{"href":"https:\/\/www.makemoneyorganization.com\/fr\/wp-json\/wp\/v2\/types\/page"}],"author":[{"embeddable":true,"href":"https:\/\/www.makemoneyorganization.com\/fr\/wp-json\/wp\/v2\/users\/1"}],"replies":[{"embeddable":true,"href":"https:\/\/www.makemoneyorganization.com\/fr\/wp-json\/wp\/v2\/comments?post=1004"}],"version-history":[{"count":12,"href":"https:\/\/www.makemoneyorganization.com\/fr\/wp-json\/wp\/v2\/pages\/1004\/revisions"}],"predecessor-version":[{"id":11202,"href":"https:\/\/www.makemoneyorganization.com\/fr\/wp-json\/wp\/v2\/pages\/1004\/revisions\/11202"}],"wp:featuredmedia":[{"embeddable":true,"href":"https:\/\/www.makemoneyorganization.com\/fr\/wp-json\/wp\/v2\/media\/1005"}],"wp:attachment":[{"href":"https:\/\/www.makemoneyorganization.com\/fr\/wp-json\/wp\/v2\/media?parent=1004"}],"curies":[{"name":"wp","href":"https:\/\/api.w.org\/{rel}","templated":true}]}}