{"id":1039,"date":"2020-03-18T15:36:55","date_gmt":"2020-03-18T14:36:55","guid":{"rendered":"https:\/\/www.makemoneyorganization.com\/trainer-in-azienda\/"},"modified":"2022-05-20T15:36:08","modified_gmt":"2022-05-20T13:36:08","slug":"un-formateur-en-entreprise","status":"publish","type":"page","link":"https:\/\/www.makemoneyorganization.com\/fr\/un-formateur-en-entreprise\/","title":{"rendered":"Un Formateur en entreprise"},"content":{"rendered":"\n<ul><li>Comment est-ce que votre programme est-il structur\u00e9 ?<\/li><li>Que faites-vous pour r\u00e9aliser vos ventes ?<\/li><li>Quel est le pourcentage de vos transactions qui proviennent des propri\u00e9taires vendeurs ?<\/li><li>Quel est le pourcentage de transactions provenant directement des acheteurs ?<\/li><li>Combien de ces acheteurs ach\u00e8tent des biens immobiliers au sein de votre agence ?<\/li><li>Disposez-vous d&#8217;un syst\u00e8me de prise de mandat et de vente \u00e9prouv\u00e9 et r\u00e9p\u00e9titif que vos agents\/conseillers peuvent utiliser ?<\/li><li>Vos agents et conseillers r\u00e9alisent-ils des gains plus importants d&#8217;ann\u00e9e en ann\u00e9e ?<\/li><li>Quelles sont les sources de revenus de votre business ?<\/li><li>Combien de transactions proviennent \u00e0 la fois des anciens clients et des cercles d&#8217;influence ?<\/li><li>Ces transactions, se r\u00e9alisent-elles de mani\u00e8re passive ou active? Est-ce que vos agents gardent un contact constant avec ces clients ?<\/li><li>Combien de transactions proviennent des vendeurs particuliers ?<\/li><li>Combien de transactions sont issues de mandats expir\u00e9s appartenant \u00e0 la concurrence ?<\/li><li>Combien de transactions proviennent des appels \u00e0 froid effectu\u00e9s concernant une propri\u00e9t\u00e9 qui vient d&#8217;\u00eatre acquise ou (mieux) qui vient d&#8217;\u00eatre mise en vente?<\/li><\/ul>\n\n\n\n<p>Une fois que vous aurez r\u00e9pondu \u00e0 ces questions et \u00e0 d&#8217;autres, nous mettrons en place le programme de formation con\u00e7u sur mesure pour votre entreprise.<\/p>\n","protected":false},"excerpt":{"rendered":"<p>Comment est-ce que votre programme est-il structur\u00e9 ? Que faites-vous pour r\u00e9aliser vos ventes ? Quel est le pourcentage de vos transactions qui proviennent des propri\u00e9taires vendeurs ? Quel est le pourcentage de transactions provenant directement des acheteurs ? Combien de ces acheteurs ach\u00e8tent des biens immobiliers au sein de votre agence ? Disposez-vous d&#8217;un [&hellip;]<\/p>\n","protected":false},"author":1,"featured_media":1040,"parent":0,"menu_order":6,"comment_status":"closed","ping_status":"closed","template":"page-trainer.php","meta":{"content-type":"","inline_featured_image":false},"acf":[],"yoast_head":"<!-- This site is optimized with the Yoast SEO plugin v19.8 - https:\/\/yoast.com\/wordpress\/plugins\/seo\/ -->\n<title>Un Formateur en entreprise | MMO S.p.A.<\/title>\n<meta name=\"robots\" content=\"index, follow, max-snippet:-1, max-image-preview:large, max-video-preview:-1\" \/>\n<link rel=\"canonical\" href=\"https:\/\/www.makemoneyorganization.com\/fr\/un-formateur-en-entreprise\/\" \/>\n<meta property=\"og:locale\" content=\"fr_FR\" \/>\n<meta property=\"og:type\" content=\"article\" \/>\n<meta property=\"og:title\" content=\"Un Formateur en entreprise | MMO S.p.A.\" \/>\n<meta property=\"og:description\" content=\"Comment est-ce que votre programme est-il structur\u00e9 ? Que faites-vous pour r\u00e9aliser vos ventes ? Quel est le pourcentage de vos transactions qui proviennent des propri\u00e9taires vendeurs ? Quel est le pourcentage de transactions provenant directement des acheteurs ? Combien de ces acheteurs ach\u00e8tent des biens immobiliers au sein de votre agence ? Disposez-vous d&#8217;un [&hellip;]\" \/>\n<meta property=\"og:url\" content=\"https:\/\/www.makemoneyorganization.com\/fr\/un-formateur-en-entreprise\/\" \/>\n<meta property=\"og:site_name\" content=\"MMO S.p.A.\" \/>\n<meta property=\"article:modified_time\" content=\"2022-05-20T13:36:08+00:00\" \/>\n<meta property=\"og:image\" content=\"https:\/\/www.makemoneyorganization.com\/wp-content\/uploads\/2020\/04\/top_trainer-scaled.jpg\" \/>\n\t<meta property=\"og:image:width\" content=\"2560\" \/>\n\t<meta property=\"og:image:height\" content=\"934\" \/>\n\t<meta property=\"og:image:type\" content=\"image\/jpeg\" \/>\n<meta name=\"twitter:card\" content=\"summary_large_image\" \/>\n<meta name=\"twitter:label1\" content=\"Dur\u00e9e de lecture estim\u00e9e\" \/>\n\t<meta name=\"twitter:data1\" content=\"1 minute\" \/>\n<script type=\"application\/ld+json\" class=\"yoast-schema-graph\">{\"@context\":\"https:\/\/schema.org\",\"@graph\":[{\"@type\":\"WebPage\",\"@id\":\"https:\/\/www.makemoneyorganization.com\/fr\/un-formateur-en-entreprise\/\",\"url\":\"https:\/\/www.makemoneyorganization.com\/fr\/un-formateur-en-entreprise\/\",\"name\":\"Un Formateur en entreprise | MMO S.p.A.\",\"isPartOf\":{\"@id\":\"https:\/\/www.makemoneyorganization.com\/fr\/#website\"},\"datePublished\":\"2020-03-18T14:36:55+00:00\",\"dateModified\":\"2022-05-20T13:36:08+00:00\",\"breadcrumb\":{\"@id\":\"https:\/\/www.makemoneyorganization.com\/fr\/un-formateur-en-entreprise\/#breadcrumb\"},\"inLanguage\":\"fr-FR\",\"potentialAction\":[{\"@type\":\"ReadAction\",\"target\":[\"https:\/\/www.makemoneyorganization.com\/fr\/un-formateur-en-entreprise\/\"]}]},{\"@type\":\"BreadcrumbList\",\"@id\":\"https:\/\/www.makemoneyorganization.com\/fr\/un-formateur-en-entreprise\/#breadcrumb\",\"itemListElement\":[{\"@type\":\"ListItem\",\"position\":1,\"name\":\"Home\",\"item\":\"https:\/\/www.makemoneyorganization.com\/fr\/\"},{\"@type\":\"ListItem\",\"position\":2,\"name\":\"Un Formateur en entreprise\"}]},{\"@type\":\"WebSite\",\"@id\":\"https:\/\/www.makemoneyorganization.com\/fr\/#website\",\"url\":\"https:\/\/www.makemoneyorganization.com\/fr\/\",\"name\":\"MMO S.p.A.\",\"description\":\"Percorsi di formazione immobiliare e seminari specifici per il tuo business\",\"publisher\":{\"@id\":\"https:\/\/www.makemoneyorganization.com\/fr\/#organization\"},\"potentialAction\":[{\"@type\":\"SearchAction\",\"target\":{\"@type\":\"EntryPoint\",\"urlTemplate\":\"https:\/\/www.makemoneyorganization.com\/fr\/?s={search_term_string}\"},\"query-input\":\"required name=search_term_string\"}],\"inLanguage\":\"fr-FR\"},{\"@type\":\"Organization\",\"@id\":\"https:\/\/www.makemoneyorganization.com\/fr\/#organization\",\"name\":\"Make Money Organization\",\"url\":\"https:\/\/www.makemoneyorganization.com\/fr\/\",\"sameAs\":[],\"logo\":{\"@type\":\"ImageObject\",\"inLanguage\":\"fr-FR\",\"@id\":\"https:\/\/www.makemoneyorganization.com\/fr\/#\/schema\/logo\/image\/\",\"url\":\"https:\/\/www.makemoneyorganization.com\/wp-content\/uploads\/2020\/05\/logo-make-money-finale.png\",\"contentUrl\":\"https:\/\/www.makemoneyorganization.com\/wp-content\/uploads\/2020\/05\/logo-make-money-finale.png\",\"width\":2726,\"height\":1408,\"caption\":\"Make Money Organization\"},\"image\":{\"@id\":\"https:\/\/www.makemoneyorganization.com\/fr\/#\/schema\/logo\/image\/\"}}]}<\/script>\n<!-- \/ Yoast SEO plugin. -->","yoast_head_json":{"title":"Un Formateur en entreprise | MMO S.p.A.","robots":{"index":"index","follow":"follow","max-snippet":"max-snippet:-1","max-image-preview":"max-image-preview:large","max-video-preview":"max-video-preview:-1"},"canonical":"https:\/\/www.makemoneyorganization.com\/fr\/un-formateur-en-entreprise\/","og_locale":"fr_FR","og_type":"article","og_title":"Un Formateur en entreprise | MMO S.p.A.","og_description":"Comment est-ce que votre programme est-il structur\u00e9 ? Que faites-vous pour r\u00e9aliser vos ventes ? Quel est le pourcentage de vos transactions qui proviennent des propri\u00e9taires vendeurs ? Quel est le pourcentage de transactions provenant directement des acheteurs ? Combien de ces acheteurs ach\u00e8tent des biens immobiliers au sein de votre agence ? Disposez-vous d&#8217;un [&hellip;]","og_url":"https:\/\/www.makemoneyorganization.com\/fr\/un-formateur-en-entreprise\/","og_site_name":"MMO S.p.A.","article_modified_time":"2022-05-20T13:36:08+00:00","og_image":[{"width":2560,"height":934,"url":"https:\/\/www.makemoneyorganization.com\/wp-content\/uploads\/2020\/04\/top_trainer-scaled.jpg","type":"image\/jpeg"}],"twitter_card":"summary_large_image","twitter_misc":{"Dur\u00e9e de lecture estim\u00e9e":"1 minute"},"schema":{"@context":"https:\/\/schema.org","@graph":[{"@type":"WebPage","@id":"https:\/\/www.makemoneyorganization.com\/fr\/un-formateur-en-entreprise\/","url":"https:\/\/www.makemoneyorganization.com\/fr\/un-formateur-en-entreprise\/","name":"Un Formateur en entreprise | MMO S.p.A.","isPartOf":{"@id":"https:\/\/www.makemoneyorganization.com\/fr\/#website"},"datePublished":"2020-03-18T14:36:55+00:00","dateModified":"2022-05-20T13:36:08+00:00","breadcrumb":{"@id":"https:\/\/www.makemoneyorganization.com\/fr\/un-formateur-en-entreprise\/#breadcrumb"},"inLanguage":"fr-FR","potentialAction":[{"@type":"ReadAction","target":["https:\/\/www.makemoneyorganization.com\/fr\/un-formateur-en-entreprise\/"]}]},{"@type":"BreadcrumbList","@id":"https:\/\/www.makemoneyorganization.com\/fr\/un-formateur-en-entreprise\/#breadcrumb","itemListElement":[{"@type":"ListItem","position":1,"name":"Home","item":"https:\/\/www.makemoneyorganization.com\/fr\/"},{"@type":"ListItem","position":2,"name":"Un Formateur en entreprise"}]},{"@type":"WebSite","@id":"https:\/\/www.makemoneyorganization.com\/fr\/#website","url":"https:\/\/www.makemoneyorganization.com\/fr\/","name":"MMO S.p.A.","description":"Percorsi di formazione immobiliare e seminari specifici per il tuo business","publisher":{"@id":"https:\/\/www.makemoneyorganization.com\/fr\/#organization"},"potentialAction":[{"@type":"SearchAction","target":{"@type":"EntryPoint","urlTemplate":"https:\/\/www.makemoneyorganization.com\/fr\/?s={search_term_string}"},"query-input":"required name=search_term_string"}],"inLanguage":"fr-FR"},{"@type":"Organization","@id":"https:\/\/www.makemoneyorganization.com\/fr\/#organization","name":"Make Money Organization","url":"https:\/\/www.makemoneyorganization.com\/fr\/","sameAs":[],"logo":{"@type":"ImageObject","inLanguage":"fr-FR","@id":"https:\/\/www.makemoneyorganization.com\/fr\/#\/schema\/logo\/image\/","url":"https:\/\/www.makemoneyorganization.com\/wp-content\/uploads\/2020\/05\/logo-make-money-finale.png","contentUrl":"https:\/\/www.makemoneyorganization.com\/wp-content\/uploads\/2020\/05\/logo-make-money-finale.png","width":2726,"height":1408,"caption":"Make Money Organization"},"image":{"@id":"https:\/\/www.makemoneyorganization.com\/fr\/#\/schema\/logo\/image\/"}}]}},"_links":{"self":[{"href":"https:\/\/www.makemoneyorganization.com\/fr\/wp-json\/wp\/v2\/pages\/1039"}],"collection":[{"href":"https:\/\/www.makemoneyorganization.com\/fr\/wp-json\/wp\/v2\/pages"}],"about":[{"href":"https:\/\/www.makemoneyorganization.com\/fr\/wp-json\/wp\/v2\/types\/page"}],"author":[{"embeddable":true,"href":"https:\/\/www.makemoneyorganization.com\/fr\/wp-json\/wp\/v2\/users\/1"}],"replies":[{"embeddable":true,"href":"https:\/\/www.makemoneyorganization.com\/fr\/wp-json\/wp\/v2\/comments?post=1039"}],"version-history":[{"count":2,"href":"https:\/\/www.makemoneyorganization.com\/fr\/wp-json\/wp\/v2\/pages\/1039\/revisions"}],"predecessor-version":[{"id":1150,"href":"https:\/\/www.makemoneyorganization.com\/fr\/wp-json\/wp\/v2\/pages\/1039\/revisions\/1150"}],"wp:featuredmedia":[{"embeddable":true,"href":"https:\/\/www.makemoneyorganization.com\/fr\/wp-json\/wp\/v2\/media\/1040"}],"wp:attachment":[{"href":"https:\/\/www.makemoneyorganization.com\/fr\/wp-json\/wp\/v2\/media?parent=1039"}],"curies":[{"name":"wp","href":"https:\/\/api.w.org\/{rel}","templated":true}]}}