{"id":13736,"date":"2024-11-04T15:12:14","date_gmt":"2024-11-04T14:12:14","guid":{"rendered":"https:\/\/www.makemoneyorganization.com\/?page_id=13736"},"modified":"2024-11-04T15:12:15","modified_gmt":"2024-11-04T14:12:15","slug":"privacy-policy","status":"publish","type":"page","link":"https:\/\/www.makemoneyorganization.com\/fr\/privacy-policy\/","title":{"rendered":"Privacy Policy"},"content":{"rendered":"\n<p><strong>POLITIQUE DE CONFIDENTIALIT\u00c9 DU TRAITEMENT DES DONN\u00c9ES PERSONNELLES<\/strong><br>Les donn\u00e9es personnelles de l\u2019utilisateur sont utilis\u00e9es par MMO S.p.A., qui en est responsable du traitement, conform\u00e9ment aux principes de protection des donn\u00e9es personnelles \u00e9tablis par le R\u00e8glement GDPR 2016\/679.<\/p>\n\n\n\n<p><strong>MODALIT\u00c9S ET FINALIT\u00c9S DU TRAITEMENT DES DONN\u00c9ES<\/strong><\/p>\n\n\n\n<ol><li>Les donn\u00e9es seront trait\u00e9es avec le soutien des moyens suivants :<br>\u25cf Mixte \u2013 \u00e9lectronique et papier<br>pour les finalit\u00e9s suivantes :<br>\u25cf Activit\u00e9s de newsletter, publicit\u00e9 et communication multim\u00e9dia, marketing (analyse et \u00e9tudes de march\u00e9) et profilage \u00e0 des fins promotionnelles, r\u00e9alis\u00e9es par le responsable du traitement et les entreprises affili\u00e9es.<br>\u25cf Gestion des clients (contrats, commandes, exp\u00e9ditions et factures).<br>\u25cf Les donn\u00e9es collect\u00e9es peuvent \u00eatre trait\u00e9es par des personnes, internes et externes, agissant en accord avec le responsable du traitement, dans le cadre d\u2019accords commerciaux sp\u00e9cifiques, afin d\u2019organiser et d\u2019assister les activit\u00e9s lors des formations, et d\u2019am\u00e9nager les espaces internes et externes pour des fins administratives et logistiques.<br>\u25cf Vente en ligne par le biais de l\u2019e-commerce.<br>\u25cf Vente par correspondance ou par t\u00e9l\u00e9phone.<br>\u25cf Utilisation des photographies et\/ou des enregistrements vid\u00e9o pour publications et\/ou fins promotionnelles, captur\u00e9es lors des formations.<\/li><\/ol>\n\n\n\n<p>En particulier, pour les finalit\u00e9s sp\u00e9cifiques ci-dessous, les donn\u00e9es de l\u2019utilisateur seront trait\u00e9es SEULEMENT sur acceptation sp\u00e9cifique du consentement :<br>\u25cf Activit\u00e9s de newsletter, publicit\u00e9 et communication multim\u00e9dia, marketing (analyse et \u00e9tudes de march\u00e9) et profilage \u00e0 des fins promotionnelles.<br>\u25cf Les donn\u00e9es collect\u00e9es peuvent \u00eatre trait\u00e9es par des sujets, internes et externes, op\u00e9rant en accord avec le responsable du traitement.<\/p>\n\n\n\n<p><strong>BASE JURIDIQUE<\/strong><br>2. La fourniture des donn\u00e9es est obligatoire pour satisfaire aux obligations l\u00e9gales et contractuelles, et le refus de fournir ces donn\u00e9es peut emp\u00eacher la fourniture des services demand\u00e9s.<\/p>\n\n\n\n<p><strong>CAT\u00c9GORIES DE DESTINATAIRES<\/strong><br>3. Sous r\u00e9serve des communications faites pour satisfaire aux obligations l\u00e9gales et contractuelles, toutes les donn\u00e9es collect\u00e9es et trait\u00e9es pourront \u00eatre communiqu\u00e9es aux cat\u00e9gories suivantes de destinataires :<br>\u25cb Conseillers et professionnels ind\u00e9pendants, m\u00eame associ\u00e9s ;<br>\u25cb Responsables externes ;<br>\u25cb Soci\u00e9t\u00e9s et entreprises.<\/p>\n\n\n\n<p><strong>TRANSFERT DES DONN\u00c9ES PERSONNELLES VERS DES PAYS TIERS<\/strong><br>Activit\u00e9 : Gestion de la client\u00e8le &#8211; Pays : \u00c9tats-Unis<\/p>\n\n\n\n<p><strong>DUR\u00c9E DE CONSERVATION DES DONN\u00c9ES<\/strong><br>4. Les donn\u00e9es obligatoires sont conserv\u00e9es pendant la dur\u00e9e n\u00e9cessaire \u00e0 l&#8217;ex\u00e9cution de la relation commerciale et comptable.<\/p>\n\n\n\n<p><strong>DROITS DE LA PERSONNE CONCERN\u00c9E<\/strong><br>5. En vertu du R\u00e8glement europ\u00e9en 679\/2016 (GDPR), l&#8217;int\u00e9ress\u00e9 peut, dans les conditions et limites pr\u00e9vues, exercer les droits suivants :<br>\u25cf Demander la confirmation de l\u2019existence de donn\u00e9es personnelles le concernant ;<br>\u25cf Conna\u00eetre l&#8217;origine des donn\u00e9es ;<br>\u25cf Obtenir la rectification ou l\u2019effacement de celles-ci ;<br>\u25cf Demander la limitation et\/ou s\u2019opposer au traitement ;<br>\u25cf Droit de r\u00e9vocation ;<br>\u25cf Droit \u00e0 la portabilit\u00e9 des donn\u00e9es.<\/p>\n\n\n\n<p>Responsable du traitement des donn\u00e9es personnelles : MMO S.p.A., P.IVA 01914820509, C.F. 01914820509<br>\u00b7 Email : <a>info@makemoneyorganization.com<\/a><br>\u00b7 PEC : <a>mmospa@pcert.it<\/a><br>\u00b7 T\u00e9l\u00e9phone : 3929242766<\/p>\n","protected":false},"excerpt":{"rendered":"<p>POLITIQUE DE CONFIDENTIALIT\u00c9 DU TRAITEMENT DES DONN\u00c9ES PERSONNELLESLes donn\u00e9es personnelles de l\u2019utilisateur sont utilis\u00e9es par MMO S.p.A., qui en est responsable du traitement, conform\u00e9ment aux principes de protection des donn\u00e9es personnelles \u00e9tablis par le R\u00e8glement GDPR 2016\/679. MODALIT\u00c9S ET FINALIT\u00c9S DU TRAITEMENT DES DONN\u00c9ES Les donn\u00e9es seront trait\u00e9es avec le soutien des moyens suivants :\u25cf [&hellip;]<\/p>\n","protected":false},"author":312,"featured_media":0,"parent":0,"menu_order":0,"comment_status":"closed","ping_status":"closed","template":"","meta":{"content-type":"","inline_featured_image":false},"acf":[],"yoast_head":"<!-- This site is optimized with the Yoast SEO plugin v19.8 - https:\/\/yoast.com\/wordpress\/plugins\/seo\/ -->\n<title>Privacy Policy | MMO S.p.A.<\/title>\n<meta name=\"robots\" content=\"index, follow, max-snippet:-1, max-image-preview:large, max-video-preview:-1\" \/>\n<link rel=\"canonical\" href=\"https:\/\/www.makemoneyorganization.com\/fr\/privacy-policy\/\" \/>\n<meta property=\"og:locale\" content=\"fr_FR\" \/>\n<meta property=\"og:type\" content=\"article\" \/>\n<meta property=\"og:title\" content=\"Privacy Policy | MMO S.p.A.\" \/>\n<meta property=\"og:description\" content=\"POLITIQUE DE CONFIDENTIALIT\u00c9 DU TRAITEMENT DES DONN\u00c9ES PERSONNELLESLes donn\u00e9es personnelles de l\u2019utilisateur sont utilis\u00e9es par MMO S.p.A., qui en est responsable du traitement, conform\u00e9ment aux principes de protection des donn\u00e9es personnelles \u00e9tablis par le R\u00e8glement GDPR 2016\/679. MODALIT\u00c9S ET FINALIT\u00c9S DU TRAITEMENT DES DONN\u00c9ES Les donn\u00e9es seront trait\u00e9es avec le soutien des moyens suivants :\u25cf [&hellip;]\" \/>\n<meta property=\"og:url\" content=\"https:\/\/www.makemoneyorganization.com\/fr\/privacy-policy\/\" \/>\n<meta property=\"og:site_name\" content=\"MMO S.p.A.\" \/>\n<meta property=\"article:modified_time\" content=\"2024-11-04T14:12:15+00:00\" \/>\n<meta name=\"twitter:card\" content=\"summary_large_image\" \/>\n<meta name=\"twitter:label1\" content=\"Dur\u00e9e de lecture estim\u00e9e\" \/>\n\t<meta name=\"twitter:data1\" content=\"3 minutes\" \/>\n<script type=\"application\/ld+json\" class=\"yoast-schema-graph\">{\"@context\":\"https:\/\/schema.org\",\"@graph\":[{\"@type\":\"WebPage\",\"@id\":\"https:\/\/www.makemoneyorganization.com\/fr\/privacy-policy\/\",\"url\":\"https:\/\/www.makemoneyorganization.com\/fr\/privacy-policy\/\",\"name\":\"Privacy Policy | MMO S.p.A.\",\"isPartOf\":{\"@id\":\"https:\/\/www.makemoneyorganization.com\/fr\/#website\"},\"datePublished\":\"2024-11-04T14:12:14+00:00\",\"dateModified\":\"2024-11-04T14:12:15+00:00\",\"breadcrumb\":{\"@id\":\"https:\/\/www.makemoneyorganization.com\/fr\/privacy-policy\/#breadcrumb\"},\"inLanguage\":\"fr-FR\",\"potentialAction\":[{\"@type\":\"ReadAction\",\"target\":[\"https:\/\/www.makemoneyorganization.com\/fr\/privacy-policy\/\"]}]},{\"@type\":\"BreadcrumbList\",\"@id\":\"https:\/\/www.makemoneyorganization.com\/fr\/privacy-policy\/#breadcrumb\",\"itemListElement\":[{\"@type\":\"ListItem\",\"position\":1,\"name\":\"Home\",\"item\":\"https:\/\/www.makemoneyorganization.com\/fr\/\"},{\"@type\":\"ListItem\",\"position\":2,\"name\":\"Privacy Policy\"}]},{\"@type\":\"WebSite\",\"@id\":\"https:\/\/www.makemoneyorganization.com\/fr\/#website\",\"url\":\"https:\/\/www.makemoneyorganization.com\/fr\/\",\"name\":\"MMO S.p.A.\",\"description\":\"Percorsi di formazione immobiliare e seminari specifici per il tuo business\",\"publisher\":{\"@id\":\"https:\/\/www.makemoneyorganization.com\/fr\/#organization\"},\"potentialAction\":[{\"@type\":\"SearchAction\",\"target\":{\"@type\":\"EntryPoint\",\"urlTemplate\":\"https:\/\/www.makemoneyorganization.com\/fr\/?s={search_term_string}\"},\"query-input\":\"required name=search_term_string\"}],\"inLanguage\":\"fr-FR\"},{\"@type\":\"Organization\",\"@id\":\"https:\/\/www.makemoneyorganization.com\/fr\/#organization\",\"name\":\"Make Money Organization\",\"url\":\"https:\/\/www.makemoneyorganization.com\/fr\/\",\"sameAs\":[],\"logo\":{\"@type\":\"ImageObject\",\"inLanguage\":\"fr-FR\",\"@id\":\"https:\/\/www.makemoneyorganization.com\/fr\/#\/schema\/logo\/image\/\",\"url\":\"https:\/\/www.makemoneyorganization.com\/wp-content\/uploads\/2020\/05\/logo-make-money-finale.png\",\"contentUrl\":\"https:\/\/www.makemoneyorganization.com\/wp-content\/uploads\/2020\/05\/logo-make-money-finale.png\",\"width\":2726,\"height\":1408,\"caption\":\"Make Money Organization\"},\"image\":{\"@id\":\"https:\/\/www.makemoneyorganization.com\/fr\/#\/schema\/logo\/image\/\"}}]}<\/script>\n<!-- \/ Yoast SEO plugin. -->","yoast_head_json":{"title":"Privacy Policy | MMO S.p.A.","robots":{"index":"index","follow":"follow","max-snippet":"max-snippet:-1","max-image-preview":"max-image-preview:large","max-video-preview":"max-video-preview:-1"},"canonical":"https:\/\/www.makemoneyorganization.com\/fr\/privacy-policy\/","og_locale":"fr_FR","og_type":"article","og_title":"Privacy Policy | MMO S.p.A.","og_description":"POLITIQUE DE CONFIDENTIALIT\u00c9 DU TRAITEMENT DES DONN\u00c9ES PERSONNELLESLes donn\u00e9es personnelles de l\u2019utilisateur sont utilis\u00e9es par MMO S.p.A., qui en est responsable du traitement, conform\u00e9ment aux principes de protection des donn\u00e9es personnelles \u00e9tablis par le R\u00e8glement GDPR 2016\/679. MODALIT\u00c9S ET FINALIT\u00c9S DU TRAITEMENT DES DONN\u00c9ES Les donn\u00e9es seront trait\u00e9es avec le soutien des moyens suivants :\u25cf [&hellip;]","og_url":"https:\/\/www.makemoneyorganization.com\/fr\/privacy-policy\/","og_site_name":"MMO S.p.A.","article_modified_time":"2024-11-04T14:12:15+00:00","twitter_card":"summary_large_image","twitter_misc":{"Dur\u00e9e de lecture estim\u00e9e":"3 minutes"},"schema":{"@context":"https:\/\/schema.org","@graph":[{"@type":"WebPage","@id":"https:\/\/www.makemoneyorganization.com\/fr\/privacy-policy\/","url":"https:\/\/www.makemoneyorganization.com\/fr\/privacy-policy\/","name":"Privacy Policy | MMO S.p.A.","isPartOf":{"@id":"https:\/\/www.makemoneyorganization.com\/fr\/#website"},"datePublished":"2024-11-04T14:12:14+00:00","dateModified":"2024-11-04T14:12:15+00:00","breadcrumb":{"@id":"https:\/\/www.makemoneyorganization.com\/fr\/privacy-policy\/#breadcrumb"},"inLanguage":"fr-FR","potentialAction":[{"@type":"ReadAction","target":["https:\/\/www.makemoneyorganization.com\/fr\/privacy-policy\/"]}]},{"@type":"BreadcrumbList","@id":"https:\/\/www.makemoneyorganization.com\/fr\/privacy-policy\/#breadcrumb","itemListElement":[{"@type":"ListItem","position":1,"name":"Home","item":"https:\/\/www.makemoneyorganization.com\/fr\/"},{"@type":"ListItem","position":2,"name":"Privacy Policy"}]},{"@type":"WebSite","@id":"https:\/\/www.makemoneyorganization.com\/fr\/#website","url":"https:\/\/www.makemoneyorganization.com\/fr\/","name":"MMO S.p.A.","description":"Percorsi di formazione immobiliare e seminari specifici per il tuo business","publisher":{"@id":"https:\/\/www.makemoneyorganization.com\/fr\/#organization"},"potentialAction":[{"@type":"SearchAction","target":{"@type":"EntryPoint","urlTemplate":"https:\/\/www.makemoneyorganization.com\/fr\/?s={search_term_string}"},"query-input":"required name=search_term_string"}],"inLanguage":"fr-FR"},{"@type":"Organization","@id":"https:\/\/www.makemoneyorganization.com\/fr\/#organization","name":"Make Money Organization","url":"https:\/\/www.makemoneyorganization.com\/fr\/","sameAs":[],"logo":{"@type":"ImageObject","inLanguage":"fr-FR","@id":"https:\/\/www.makemoneyorganization.com\/fr\/#\/schema\/logo\/image\/","url":"https:\/\/www.makemoneyorganization.com\/wp-content\/uploads\/2020\/05\/logo-make-money-finale.png","contentUrl":"https:\/\/www.makemoneyorganization.com\/wp-content\/uploads\/2020\/05\/logo-make-money-finale.png","width":2726,"height":1408,"caption":"Make Money Organization"},"image":{"@id":"https:\/\/www.makemoneyorganization.com\/fr\/#\/schema\/logo\/image\/"}}]}},"_links":{"self":[{"href":"https:\/\/www.makemoneyorganization.com\/fr\/wp-json\/wp\/v2\/pages\/13736"}],"collection":[{"href":"https:\/\/www.makemoneyorganization.com\/fr\/wp-json\/wp\/v2\/pages"}],"about":[{"href":"https:\/\/www.makemoneyorganization.com\/fr\/wp-json\/wp\/v2\/types\/page"}],"author":[{"embeddable":true,"href":"https:\/\/www.makemoneyorganization.com\/fr\/wp-json\/wp\/v2\/users\/312"}],"replies":[{"embeddable":true,"href":"https:\/\/www.makemoneyorganization.com\/fr\/wp-json\/wp\/v2\/comments?post=13736"}],"version-history":[{"count":1,"href":"https:\/\/www.makemoneyorganization.com\/fr\/wp-json\/wp\/v2\/pages\/13736\/revisions"}],"predecessor-version":[{"id":13737,"href":"https:\/\/www.makemoneyorganization.com\/fr\/wp-json\/wp\/v2\/pages\/13736\/revisions\/13737"}],"wp:attachment":[{"href":"https:\/\/www.makemoneyorganization.com\/fr\/wp-json\/wp\/v2\/media?parent=13736"}],"curies":[{"name":"wp","href":"https:\/\/api.w.org\/{rel}","templated":true}]}}