{"id":1591,"date":"2020-04-30T13:10:34","date_gmt":"2020-04-30T11:10:34","guid":{"rendered":"https:\/\/www.makemoneyorganization.com\/cookie-policy\/"},"modified":"2024-11-04T15:25:56","modified_gmt":"2024-11-04T14:25:56","slug":"cookie-policy","status":"publish","type":"page","link":"https:\/\/www.makemoneyorganization.com\/fr\/cookie-policy\/","title":{"rendered":"Cookie Policy"},"content":{"rendered":"\n<p><strong>INFORMATIONS SUR LES COOKIES<\/strong><\/p>\n\n\n\n<p><strong>Qu\u2019est-ce qu\u2019un cookie<\/strong><br>Un \u201ccookie\u201d est un fichier texte enregistr\u00e9 sur l\u2019ordinateur de l\u2019utilisateur lorsqu\u2019il acc\u00e8de \u00e0 un site web, afin de fournir des informations chaque fois que l\u2019utilisateur retourne sur le m\u00eame site. C\u2019est une sorte de m\u00e9mo de la page visit\u00e9e. Avec le cookie, le serveur web envoie des informations au navigateur de l\u2019utilisateur (Internet Explorer, Mozilla Firefox, Google Chrome, etc.), stock\u00e9es sur son ordinateur, et elles seront relues et mises \u00e0 jour chaque fois que l\u2019utilisateur retourne sur le site. Ainsi, le site web peut s\u2019adapter automatiquement \u00e0 l\u2019utilisateur. Pendant la navigation, l\u2019utilisateur peut aussi recevoir des cookies de sites diff\u00e9rents (cookies de \u201ctiers\u201d), d\u00e9finis directement par les gestionnaires de ces sites web et utilis\u00e9s selon leurs objectifs et modalit\u00e9s.<\/p>\n\n\n\n<p>Selon leur dur\u00e9e, il existe des cookies de session (temporaires, supprim\u00e9s automatiquement \u00e0 la fermeture du navigateur) et des cookies persistants (stock\u00e9s jusqu\u2019\u00e0 leur expiration ou suppression par l\u2019utilisateur). En fonction de leur fonction et de leur utilisation, les cookies peuvent \u00eatre class\u00e9s en cookies techniques et cookies de profilage.<\/p>\n\n\n\n<p><strong>Cookies techniques<\/strong><br>Certains cookies sont utilis\u00e9s pour effectuer des authentifications, suivre des sessions et enregistrer des informations sp\u00e9cifiques sur les utilisateurs acc\u00e9dant \u00e0 une page web. Ces cookies, dits techniques, permettent souvent de naviguer et d\u2019utiliser toutes les fonctionnalit\u00e9s d\u2019un site. Leur utilisation ne requiert pas le consentement de l\u2019utilisateur. Cela inclut les cookies analytiques, qui recueillent des informations sur l\u2019utilisation du site et permettent d\u2019en am\u00e9liorer le fonctionnement.<\/p>\n\n\n\n<p><strong>Cookies de profilage<\/strong><br>Ces cookies sont utilis\u00e9s pour suivre et profiler les utilisateurs lors de la navigation, pour analyser leurs comportements et habitudes de consultation (achats, lectures, etc.) et leur envoyer des publicit\u00e9s cibl\u00e9es. L\u2019utilisation de ces cookies n\u00e9cessite le consentement de l\u2019utilisateur, conform\u00e9ment \u00e0 l\u2019article 7 du R\u00e8glement UE 2016\/679.<\/p>\n\n\n\n<p><strong>Cookies de tiers<\/strong><br>Une page web peut contenir des cookies provenant d\u2019autres sites, comme des publicit\u00e9s, images, vid\u00e9os, ou des liens vers d\u2019autres domaines, d\u00e9finis par des gestionnaires de sites externes. Il s\u2019agit des cookies de tiers, souvent utilis\u00e9s pour la profilage et n\u00e9cessitant \u00e9galement le consentement de l\u2019utilisateur.<\/p>\n\n\n\n<p><strong>Types de cookies utilis\u00e9s par notre site<\/strong><br>Les cookies principaux utilis\u00e9s par <a href=\"https:\/\/www.makemoneyorganization.com\/\">https:\/\/www.makemoneyorganization.com\/<\/a> sont techniques, visant \u00e0 am\u00e9liorer le service, pour l\u2019authentification et les statistiques comme le comptage des visites. Le site utilise aussi des cookies de tiers pour l\u2019analyse (Google Analytics), pour les partages sociaux (Facebook, Google Plus), et pour les vid\u00e9os (YouTube).<\/p>\n\n\n\n<p><strong>Gestion des cookies<\/strong><br>L\u2019utilisateur peut g\u00e9rer les pr\u00e9f\u00e9rences relatives aux cookies via les fonctionnalit\u00e9s des navigateurs permettant de les supprimer, bloquer ou limiter \u00e0 certains sites. Il est possible de d\u00e9sactiver les cookies suivant les instructions des principaux navigateurs (Internet Explorer, Mozilla Firefox, Google Chrome, Apple Safari) ou via le lien : <a>http:\/\/www.youronlinechoices.com\/fr\/controler-ses-cookies<\/a>.<\/p>\n\n\n\n<p><strong>Plugins des r\u00e9seaux sociaux<\/strong><br>Le site int\u00e8gre des plugins pour permettre un partage ais\u00e9 sur les r\u00e9seaux sociaux pr\u00e9f\u00e9r\u00e9s de l\u2019utilisateur. Ces plugins ne d\u00e9finissent pas de cookies \u00e0 l&#8217;acc\u00e8s de la page, sauf si l\u2019utilisateur utilise volontairement ces plugins. La collecte des informations obtenues est r\u00e9gie par les politiques de confidentialit\u00e9 des r\u00e9seaux sociaux respectifs : \u2013 Facebook : (<a href=\"https:\/\/www.facebook.com\/policies\/cookies\/\">https:\/\/www.facebook.com\/policies\/cookies\/<\/a>)<br>\u2013 Twitter : (<a href=\"https:\/\/help.twitter.com\/fr\/rules-et-politiques\/cookies-de-twitter\">https:\/\/help.twitter.com\/fr\/rules-et-politiques\/cookies-de-twitter<\/a>)<br>\u2013 LinkedIn : (<a href=\"https:\/\/www.linkedin.com\/legal\/cookie-policy\">https:\/\/www.linkedin.com\/legal\/cookie-policy<\/a>)<br>\u2013 YouTube : (<a>https:\/\/policies.google.com\/technologies\/cookies?hl=fr<\/a>)<\/p>\n","protected":false},"excerpt":{"rendered":"<p>INFORMATIONS SUR LES COOKIES Qu\u2019est-ce qu\u2019un cookieUn \u201ccookie\u201d est un fichier texte enregistr\u00e9 sur l\u2019ordinateur de l\u2019utilisateur lorsqu\u2019il acc\u00e8de \u00e0 un site web, afin de fournir des informations chaque fois que l\u2019utilisateur retourne sur le m\u00eame site. C\u2019est une sorte de m\u00e9mo de la page visit\u00e9e. Avec le cookie, le serveur web envoie des informations [&hellip;]<\/p>\n","protected":false},"author":1,"featured_media":0,"parent":0,"menu_order":0,"comment_status":"closed","ping_status":"closed","template":"","meta":{"content-type":"","inline_featured_image":false},"acf":[],"yoast_head":"<!-- This site is optimized with the Yoast SEO plugin v19.8 - https:\/\/yoast.com\/wordpress\/plugins\/seo\/ -->\n<title>Cookie Policy | MMO S.p.A.<\/title>\n<meta name=\"robots\" content=\"index, follow, max-snippet:-1, max-image-preview:large, max-video-preview:-1\" \/>\n<link rel=\"canonical\" href=\"https:\/\/www.makemoneyorganization.com\/fr\/cookie-policy\/\" \/>\n<meta property=\"og:locale\" content=\"fr_FR\" \/>\n<meta property=\"og:type\" content=\"article\" \/>\n<meta property=\"og:title\" content=\"Cookie Policy | MMO S.p.A.\" \/>\n<meta property=\"og:description\" content=\"INFORMATIONS SUR LES COOKIES Qu\u2019est-ce qu\u2019un cookieUn \u201ccookie\u201d est un fichier texte enregistr\u00e9 sur l\u2019ordinateur de l\u2019utilisateur lorsqu\u2019il acc\u00e8de \u00e0 un site web, afin de fournir des informations chaque fois que l\u2019utilisateur retourne sur le m\u00eame site. C\u2019est une sorte de m\u00e9mo de la page visit\u00e9e. Avec le cookie, le serveur web envoie des informations [&hellip;]\" \/>\n<meta property=\"og:url\" content=\"https:\/\/www.makemoneyorganization.com\/fr\/cookie-policy\/\" \/>\n<meta property=\"og:site_name\" content=\"MMO S.p.A.\" \/>\n<meta property=\"article:modified_time\" content=\"2024-11-04T14:25:56+00:00\" \/>\n<meta name=\"twitter:card\" content=\"summary_large_image\" \/>\n<meta name=\"twitter:label1\" content=\"Dur\u00e9e de lecture estim\u00e9e\" \/>\n\t<meta name=\"twitter:data1\" content=\"3 minutes\" \/>\n<script type=\"application\/ld+json\" class=\"yoast-schema-graph\">{\"@context\":\"https:\/\/schema.org\",\"@graph\":[{\"@type\":\"WebPage\",\"@id\":\"https:\/\/www.makemoneyorganization.com\/fr\/cookie-policy\/\",\"url\":\"https:\/\/www.makemoneyorganization.com\/fr\/cookie-policy\/\",\"name\":\"Cookie Policy | MMO S.p.A.\",\"isPartOf\":{\"@id\":\"https:\/\/www.makemoneyorganization.com\/fr\/#website\"},\"datePublished\":\"2020-04-30T11:10:34+00:00\",\"dateModified\":\"2024-11-04T14:25:56+00:00\",\"breadcrumb\":{\"@id\":\"https:\/\/www.makemoneyorganization.com\/fr\/cookie-policy\/#breadcrumb\"},\"inLanguage\":\"fr-FR\",\"potentialAction\":[{\"@type\":\"ReadAction\",\"target\":[\"https:\/\/www.makemoneyorganization.com\/fr\/cookie-policy\/\"]}]},{\"@type\":\"BreadcrumbList\",\"@id\":\"https:\/\/www.makemoneyorganization.com\/fr\/cookie-policy\/#breadcrumb\",\"itemListElement\":[{\"@type\":\"ListItem\",\"position\":1,\"name\":\"Home\",\"item\":\"https:\/\/www.makemoneyorganization.com\/fr\/\"},{\"@type\":\"ListItem\",\"position\":2,\"name\":\"Cookie Policy\"}]},{\"@type\":\"WebSite\",\"@id\":\"https:\/\/www.makemoneyorganization.com\/fr\/#website\",\"url\":\"https:\/\/www.makemoneyorganization.com\/fr\/\",\"name\":\"MMO S.p.A.\",\"description\":\"Percorsi di formazione immobiliare e seminari specifici per il tuo business\",\"publisher\":{\"@id\":\"https:\/\/www.makemoneyorganization.com\/fr\/#organization\"},\"potentialAction\":[{\"@type\":\"SearchAction\",\"target\":{\"@type\":\"EntryPoint\",\"urlTemplate\":\"https:\/\/www.makemoneyorganization.com\/fr\/?s={search_term_string}\"},\"query-input\":\"required name=search_term_string\"}],\"inLanguage\":\"fr-FR\"},{\"@type\":\"Organization\",\"@id\":\"https:\/\/www.makemoneyorganization.com\/fr\/#organization\",\"name\":\"Make Money Organization\",\"url\":\"https:\/\/www.makemoneyorganization.com\/fr\/\",\"sameAs\":[],\"logo\":{\"@type\":\"ImageObject\",\"inLanguage\":\"fr-FR\",\"@id\":\"https:\/\/www.makemoneyorganization.com\/fr\/#\/schema\/logo\/image\/\",\"url\":\"https:\/\/www.makemoneyorganization.com\/wp-content\/uploads\/2020\/05\/logo-make-money-finale.png\",\"contentUrl\":\"https:\/\/www.makemoneyorganization.com\/wp-content\/uploads\/2020\/05\/logo-make-money-finale.png\",\"width\":2726,\"height\":1408,\"caption\":\"Make Money Organization\"},\"image\":{\"@id\":\"https:\/\/www.makemoneyorganization.com\/fr\/#\/schema\/logo\/image\/\"}}]}<\/script>\n<!-- \/ Yoast SEO plugin. -->","yoast_head_json":{"title":"Cookie Policy | MMO S.p.A.","robots":{"index":"index","follow":"follow","max-snippet":"max-snippet:-1","max-image-preview":"max-image-preview:large","max-video-preview":"max-video-preview:-1"},"canonical":"https:\/\/www.makemoneyorganization.com\/fr\/cookie-policy\/","og_locale":"fr_FR","og_type":"article","og_title":"Cookie Policy | MMO S.p.A.","og_description":"INFORMATIONS SUR LES COOKIES Qu\u2019est-ce qu\u2019un cookieUn \u201ccookie\u201d est un fichier texte enregistr\u00e9 sur l\u2019ordinateur de l\u2019utilisateur lorsqu\u2019il acc\u00e8de \u00e0 un site web, afin de fournir des informations chaque fois que l\u2019utilisateur retourne sur le m\u00eame site. C\u2019est une sorte de m\u00e9mo de la page visit\u00e9e. Avec le cookie, le serveur web envoie des informations [&hellip;]","og_url":"https:\/\/www.makemoneyorganization.com\/fr\/cookie-policy\/","og_site_name":"MMO S.p.A.","article_modified_time":"2024-11-04T14:25:56+00:00","twitter_card":"summary_large_image","twitter_misc":{"Dur\u00e9e de lecture estim\u00e9e":"3 minutes"},"schema":{"@context":"https:\/\/schema.org","@graph":[{"@type":"WebPage","@id":"https:\/\/www.makemoneyorganization.com\/fr\/cookie-policy\/","url":"https:\/\/www.makemoneyorganization.com\/fr\/cookie-policy\/","name":"Cookie Policy | MMO S.p.A.","isPartOf":{"@id":"https:\/\/www.makemoneyorganization.com\/fr\/#website"},"datePublished":"2020-04-30T11:10:34+00:00","dateModified":"2024-11-04T14:25:56+00:00","breadcrumb":{"@id":"https:\/\/www.makemoneyorganization.com\/fr\/cookie-policy\/#breadcrumb"},"inLanguage":"fr-FR","potentialAction":[{"@type":"ReadAction","target":["https:\/\/www.makemoneyorganization.com\/fr\/cookie-policy\/"]}]},{"@type":"BreadcrumbList","@id":"https:\/\/www.makemoneyorganization.com\/fr\/cookie-policy\/#breadcrumb","itemListElement":[{"@type":"ListItem","position":1,"name":"Home","item":"https:\/\/www.makemoneyorganization.com\/fr\/"},{"@type":"ListItem","position":2,"name":"Cookie Policy"}]},{"@type":"WebSite","@id":"https:\/\/www.makemoneyorganization.com\/fr\/#website","url":"https:\/\/www.makemoneyorganization.com\/fr\/","name":"MMO S.p.A.","description":"Percorsi di formazione immobiliare e seminari specifici per il tuo business","publisher":{"@id":"https:\/\/www.makemoneyorganization.com\/fr\/#organization"},"potentialAction":[{"@type":"SearchAction","target":{"@type":"EntryPoint","urlTemplate":"https:\/\/www.makemoneyorganization.com\/fr\/?s={search_term_string}"},"query-input":"required name=search_term_string"}],"inLanguage":"fr-FR"},{"@type":"Organization","@id":"https:\/\/www.makemoneyorganization.com\/fr\/#organization","name":"Make Money Organization","url":"https:\/\/www.makemoneyorganization.com\/fr\/","sameAs":[],"logo":{"@type":"ImageObject","inLanguage":"fr-FR","@id":"https:\/\/www.makemoneyorganization.com\/fr\/#\/schema\/logo\/image\/","url":"https:\/\/www.makemoneyorganization.com\/wp-content\/uploads\/2020\/05\/logo-make-money-finale.png","contentUrl":"https:\/\/www.makemoneyorganization.com\/wp-content\/uploads\/2020\/05\/logo-make-money-finale.png","width":2726,"height":1408,"caption":"Make Money Organization"},"image":{"@id":"https:\/\/www.makemoneyorganization.com\/fr\/#\/schema\/logo\/image\/"}}]}},"_links":{"self":[{"href":"https:\/\/www.makemoneyorganization.com\/fr\/wp-json\/wp\/v2\/pages\/1591"}],"collection":[{"href":"https:\/\/www.makemoneyorganization.com\/fr\/wp-json\/wp\/v2\/pages"}],"about":[{"href":"https:\/\/www.makemoneyorganization.com\/fr\/wp-json\/wp\/v2\/types\/page"}],"author":[{"embeddable":true,"href":"https:\/\/www.makemoneyorganization.com\/fr\/wp-json\/wp\/v2\/users\/1"}],"replies":[{"embeddable":true,"href":"https:\/\/www.makemoneyorganization.com\/fr\/wp-json\/wp\/v2\/comments?post=1591"}],"version-history":[{"count":1,"href":"https:\/\/www.makemoneyorganization.com\/fr\/wp-json\/wp\/v2\/pages\/1591\/revisions"}],"predecessor-version":[{"id":13739,"href":"https:\/\/www.makemoneyorganization.com\/fr\/wp-json\/wp\/v2\/pages\/1591\/revisions\/13739"}],"wp:attachment":[{"href":"https:\/\/www.makemoneyorganization.com\/fr\/wp-json\/wp\/v2\/media?parent=1591"}],"curies":[{"name":"wp","href":"https:\/\/api.w.org\/{rel}","templated":true}]}}