{"id":4454,"date":"2021-06-14T11:36:05","date_gmt":"2021-06-14T09:36:05","guid":{"rendered":"https:\/\/www.makemoneyorganization.com\/?page_id=4454"},"modified":"2022-02-28T16:39:10","modified_gmt":"2022-02-28T15:39:10","slug":"clauses-de-participation-aux-seminaires","status":"publish","type":"page","link":"https:\/\/www.makemoneyorganization.com\/fr\/clauses-de-participation-aux-seminaires\/","title":{"rendered":"Clauses de participation aux s\u00e9minaires"},"content":{"rendered":"\n<h3>Clauses de s\u00e9minaire en personne<\/h3>\n\n\n\n<br>\n\n\n\n<p>1. La demande d\u2019inscription prend effet d\u00e8s r\u00e9ception par MMO S.p.A. du formulaire d\u00fbment compl\u00e9t\u00e9 et du paiement des frais d\u2019inscription au(x) cours. Ces frais incluent le droit de participation au(x) s\u00e9minaire(s) et le mat\u00e9riel didactique. Les enregistrements audio et vid\u00e9o sont formellement interdits pendant les cours.<\/p>\n\n\n\n<p>2. Les frais d\u2019inscription couvrent exclusivement la participation au(x) s\u00e9minaire(s) et la mise \u00e0 disposition des documents de travail. Les frais de voyage, de repas, de logement et toute d\u00e9pense autre que celles mentionn\u00e9es ci-dessus ne sont pas compris, sauf indication contraire express\u00e9ment mentionn\u00e9e par MMO S.p.A. au moment de l&#8217;inscription.<\/p>\n\n\n\n<p>3. MMO S.p.A. ne peut en aucun cas \u00eatre tenue responsable des dommages que pourraient subir les participants pendant la dur\u00e9e du s\u00e9minaire ou \u00e0 cause de celui-ci. Par cons\u00e9quent, la participation aux s\u00e9minaires engage la seule responsabilit\u00e9 des participants. Comme indiqu\u00e9 dans le descriptif des cours, le client sera tenu de rembourser Make Money Organization S.p.A. au cas o\u00f9 celle-ci aurait \u00e0 subir des dommages directs ou indirects d\u00e9coulant de faits ou agissements li\u00e9s \u00e0 la participation du client au(x) s\u00e9minaire(s) ou \u00e0 l\u2019intervention de tiers.<\/p>\n\n\n\n<p>4. Dans l\u2019\u00e9ventualit\u00e9 o\u00f9 la survenue d\u2019un \u00e9v\u00e9nement compromettrait le bon d\u00e9roulement du s\u00e9minaire, MMO S.p.A. se r\u00e9serve le droit d\u2019en modifier la date et le lieu et d\u2019en informer les participants. En cas de force majeure, MMO S.p.A. se r\u00e9serve \u00e9galement le droit d\u2019annuler le(s) cours et\/ou le(s) s\u00e9minaire(s) et, le cas \u00e9ch\u00e9ant, remboursera les participants d\u00e9j\u00e0 inscrits \u00e0 hauteur des montants per\u00e7us, dans un d\u00e9lai de 60 jours \u00e0 compter de la date \u00e0 laquelle le s\u00e9minaire \u00e9tait cens\u00e9 avoir lieu. Toute autre demande de d\u00e9dommagement ou d\u2019indemnisation r\u00e9clam\u00e9e par les participants ne pourra \u00eatre accept\u00e9e.<\/p>\n\n\n\n<p>5. Aucun remboursement ne sera accord\u00e9 au cas o\u00f9 le client se trouverait dans l\u2019impossibilit\u00e9 de participer au s\u00e9minaire. De m\u00eame, il ne pourra se soustraire aux obligations financi\u00e8res auxquelles il est soumis d\u00e8s la signature du pr\u00e9sent document. Le droit de r\u00e9tractation n\u2019est pas applicable dans le cadre de ce contrat.<\/p>\n\n\n\n<p>6. Tout litige relatif \u00e0 l\u2019interpr\u00e9tation ou \u00e0 l\u2019ex\u00e9cution du pr\u00e9sent contrat sera de la comp\u00e9tence exclusive du tribunal de Pise.<\/p>\n\n\n\n<p>7. Clause de confidentialit\u00e9: en souscrivant au pr\u00e9sent contrat et participant au s\u00e9minaire correspondant, le client reconna\u00eet que les informations, les communications et les contenus re\u00e7us sont confidentiels. Le participant et la soci\u00e9t\u00e9 MMO S.p.A. s&#8217;engagent r\u00e9ciproquement \u00e0 ne pas divulguer, pour aucune raison, aucun \u00e9l\u00e9ment ou information donn\u00e9 pendant les s\u00e9minaires, sous peine de sanction p\u00e9nale.<\/p>\n\n\n\n<p>8. CONDITIONS ET FINALIT\u00c9S DU TRAITEMENT DES DONN\u00c9ES selon RGPD n\u00b0679, 2016\n<br>Nous vous informons que les donn\u00e9es seront trait\u00e9es \u00e0 travers les moyens suivants:\n<br>Documents \u00e9lectroniques et papier \n<br>Les finalit\u00e9s sont les suivantes:<\/p>\n\n\n\n<p>a. Newsletters, publicit\u00e9s, multim\u00e9dias, marketing (analyses et \u00e9tudes de march\u00e9), l\u2019\u00e9laboration des donn\u00e9es \u00e0 des fins publicitaires r\u00e9alis\u00e9es par le titulaire du traitement et des entreprises reli\u00e9es \u00e0 celle-ci. <\/p>\n\n\n\n<p>b. Gestion de la client\u00e8le (contrats, commandes, envois et factures). <\/p>\n\n\n\n<p>c. Les donn\u00e9es recueillies pourront \u00eatre trait\u00e9es par des sujets, internes et externes, op\u00e9rant en accord avec le titulaire du traitement des donn\u00e9es en vertu des accords commerciaux afin d\u2019organiser, de soutenir les activit\u00e9s lors des formations et de mettre en place les espaces internes et externes \u00e0 l\u2019entreprise \u00e0 des fins administratives et logistiques. <\/p>\n\n\n\n<p>d. Vente en ligne \u00e0 travers le e-commerce. <\/p>\n\n\n\n<p>e. Vente par correspondance ou par t\u00e9l\u00e9phone. <\/p>\n\n\n\n<p>f. Utilisation des photos et\/ou des vid\u00e9os, pour des publications et\/ou des fins promotionnelles, prises durant les formations. <\/p>\n\n\n\n<p>g. Pour les finalit\u00e9s sp\u00e9cifi\u00e9es ci-dessous, les donn\u00e9es seront trait\u00e9es UNIQUEMENT apr\u00e8s avoir re\u00e7u une autorisation explicite de l\u2019utilisateur: <\/p>\n\n\n\n<p>\u00a0\u00a0i. Communications pour nos \u00e9v\u00e9nements promotionnels et offres sp\u00e9ciales et \u00e9laboration des donn\u00e9es l\u2019\u00e9laboration des donn\u00e9es \u00e0 des fins publicitaires r\u00e9alis\u00e9e par la soci\u00e9t\u00e9 MMO S.p.A. ainsi que les entreprises reli\u00e9es \u00e0 cette derni\u00e8re. <br> \u00a0\u00a0ii. Les coordonn\u00e9es pourront \u00eatre communiqu\u00e9es \u00e0 d\u2019autres agents immobiliers op\u00e9rant dans d\u2019autres zones g\u00e9ographiques afin de faciliter les \u00e9changes commerciaux et le networking. Les donn\u00e9es pourront \u00eatre trait\u00e9es par des sujets internes et externes op\u00e9rant avec la MMO S.p.A.<\/p>\n\n\n\n<h3>Clauses du formulaire de participation en ligne<\/h3>\n\n\n\n<br>\n\n\n\n<p>1. L&#8217;inscription est compl\u00e9t\u00e9e par la r\u00e9ception par MMO S.p.A. de l&#8217;acceptation de participer au s\u00e9minaire et du paiement correspondant. Les enregistrements audio et vid\u00e9o sont interdits pendant les cours.<\/p>\n\n\n\n<p>2. Les frais de participation au(x) cours(s) ne comprennent que la participation au webinaire\/s\u00e9minaire\/\u00e9v\u00e9nement tel que choisi, ils n&#8217;incluent aucun frais de nature autre que ceux indiqu\u00e9s ci-dessus. <\/p>\n\n\n\n<p>3. MMO S.p.A. se r\u00e9serve le droit de reporter le cours \/ s\u00e9minaire \/ \u00e9v\u00e9nement \/ s pr\u00e9vu, ou de le c\u00e9l\u00e9brer \u00e0 une autre date en informant les participants si des \u00e9v\u00e9nements se produisent qui rendent le cours \/ s\u00e9minaire \/ \u00e9v\u00e9nement lui-m\u00eame impraticable.<\/p>\n\n\n\n<p>4. En cas d&#8217;impossibilit\u00e9 de participer, le client ne pourra pr\u00e9tendre au remboursement de l&#8217;acompte, ainsi qu&#8217;\u00e0 la non-ex\u00e9cution des engagements \u00e9conomiques pris lors de la signature du pr\u00e9sent contrat. Dans tous les cas, le droit de r\u00e9tractation du participant est exclu.<\/p>\n\n\n\n<p>5. Pour toute controverse d\u00e9rivant de l\u2019interpr\u00e9tation et\/ou de l\u2019ex\u00e9cution du pr\u00e9sent contrat, la seule juridiction comp\u00e9tente sera le Tribunal de Pise, ce qui exclut de mani\u00e8re expresse et convenue toute autre juridiction.<\/p>\n\n\n\n<p>6. Confidentialit\u00e9 : en signant ce contrat, les parties reconnaissent que les communications et informations couvertes par le cours sont extr\u00eamement confidentielles et confidentielles. L&#8217;\u00e9tudiant s&#8217;engage donc \u00e0 ne pas divulguer, pour quelque motif et pour quelque motif que ce soit, aucun \u00e9l\u00e9ment ou fait ou information apparu au cours du cours, sous peine de r\u00e9paration du pr\u00e9judice, et s&#8217;engage \u00e9galement \u00e0 ne pas effectuer de reproductions photographiques ou d&#8217;enregistrements audio et vid\u00e9o, sous peine de peine d&#8217;indemnisation du pr\u00e9judice.<\/p>\n\n\n\n<p>7. Toujours dans un souci de confidentialit\u00e9, il est obligatoire de maintenir la webcam active pendant toute la dur\u00e9e de la web conf\u00e9rence dans le but de reconna\u00eetre les participants, dans le respect des obligations contractuelles et de la n\u00e9cessit\u00e9 d&#8217;identifier les participants\/contractants pour les finalit\u00e9s de la vie priv\u00e9e ; \u00e0 l&#8217;exclusion des dysfonctionnements ou des besoins extraordinaires particuliers signal\u00e9s \u00e0 l&#8217;avance. Dans le cas contraire, la soci\u00e9t\u00e9 se r\u00e9serve le droit de masquer l&#8217;utilisateur m\u00e9connaissable.<\/p>\n\n\n\n<p>8. CONDITIONS ET FINALIT\u00c9S DU TRAITEMENT DES DONN\u00c9ES selon RGPD n\u00b0679, 2016 <br>Nous vous informons que les donn\u00e9es seront trait\u00e9es \u00e0 travers les moyens suivants: <br>Documents \u00e9lectroniques et papier <br>Les finalit\u00e9s sont les suivantes: <\/p>\n\n\n\n<p>a. Newsletters, publicit\u00e9s, multim\u00e9dias, marketing (analyses et \u00e9tudes de march\u00e9), l\u2019\u00e9laboration des donn\u00e9es \u00e0 des fins publicitaires r\u00e9alis\u00e9es par le titulaire du traitement et des entreprises reli\u00e9es \u00e0 celle-ci.\n<\/p>\n\n\n\n<p>\nb. Gestion de la client\u00e8le (contrats, commandes, envois et factures).\n<\/p>\n\n\n\n<p>\nc. Les donn\u00e9es recueillies pourront \u00eatre trait\u00e9es par des sujets, internes et externes, op\u00e9rant en accord avec le titulaire du traitement des donn\u00e9es en vertu des accords commerciaux afin d\u2019organiser, de soutenir les activit\u00e9s lors des formations et de mettre en place les espaces internes et externes \u00e0 l\u2019entreprise \u00e0 des fins administratives et logistiques.\n<\/p>\n\n\n\n<p>\nd. Vente en ligne \u00e0 travers le e-commerce.\n<\/p>\n\n\n\n<p>\ne. Vente par correspondance ou par t\u00e9l\u00e9phone.\n<\/p>\n\n\n\n<p>\nf. Utilisation des photos et\/ou des vid\u00e9os, pour des publications et\/ou des fins promotionnelles, prises durant les formations.\n<\/p>\n\n\n\n<p> g. Pour les finalit\u00e9s sp\u00e9cifi\u00e9es ci-dessous, les donn\u00e9es seront trait\u00e9es UNIQUEMENT apr\u00e8s avoir re\u00e7u une autorisation explicite de l\u2019utilisateur:<\/p>\n\n\n\n<p> \u00a0\u00a0i. Communications pour nos \u00e9v\u00e9nements promotionnels et offres sp\u00e9ciales et \u00e9laboration des donn\u00e9es l\u2019\u00e9laboration des donn\u00e9es \u00e0 des fins publicitaires r\u00e9alis\u00e9e par la soci\u00e9t\u00e9 MMO S.p.A. ainsi que les entreprises reli\u00e9es \u00e0 cette derni\u00e8re. <br> \u00a0\u00a0ii. Les coordonn\u00e9es pourront \u00eatre communiqu\u00e9es \u00e0 d\u2019autres agents immobiliers op\u00e9rant dans d\u2019autres zones g\u00e9ographiques afin de faciliter les \u00e9changes commerciaux et le networking. Les donn\u00e9es pourront \u00eatre trait\u00e9es par des sujets internes et externes op\u00e9rant avec la MMO S.p.A.<\/p>\n","protected":false},"excerpt":{"rendered":"<p>Clauses de s\u00e9minaire en personne 1. La demande d\u2019inscription prend effet d\u00e8s r\u00e9ception par MMO S.p.A. du formulaire d\u00fbment compl\u00e9t\u00e9 et du paiement des frais d\u2019inscription au(x) cours. Ces frais incluent le droit de participation au(x) s\u00e9minaire(s) et le mat\u00e9riel didactique. Les enregistrements audio et vid\u00e9o sont formellement interdits pendant les cours. 2. Les frais [&hellip;]<\/p>\n","protected":false},"author":146,"featured_media":0,"parent":0,"menu_order":0,"comment_status":"closed","ping_status":"closed","template":"","meta":{"content-type":"","inline_featured_image":false},"acf":[],"yoast_head":"<!-- This site is optimized with the Yoast SEO plugin v19.8 - https:\/\/yoast.com\/wordpress\/plugins\/seo\/ -->\n<title>Clauses de participation aux s\u00e9minaires | MMO S.p.A.<\/title>\n<meta name=\"robots\" content=\"index, follow, max-snippet:-1, max-image-preview:large, max-video-preview:-1\" \/>\n<link rel=\"canonical\" href=\"https:\/\/www.makemoneyorganization.com\/fr\/clauses-de-participation-aux-seminaires\/\" \/>\n<meta property=\"og:locale\" content=\"fr_FR\" \/>\n<meta property=\"og:type\" content=\"article\" \/>\n<meta property=\"og:title\" content=\"Clauses de participation aux s\u00e9minaires | MMO S.p.A.\" \/>\n<meta property=\"og:description\" content=\"Clauses de s\u00e9minaire en personne 1. La demande d\u2019inscription prend effet d\u00e8s r\u00e9ception par MMO S.p.A. du formulaire d\u00fbment compl\u00e9t\u00e9 et du paiement des frais d\u2019inscription au(x) cours. Ces frais incluent le droit de participation au(x) s\u00e9minaire(s) et le mat\u00e9riel didactique. Les enregistrements audio et vid\u00e9o sont formellement interdits pendant les cours. 2. Les frais [&hellip;]\" \/>\n<meta property=\"og:url\" content=\"https:\/\/www.makemoneyorganization.com\/fr\/clauses-de-participation-aux-seminaires\/\" \/>\n<meta property=\"og:site_name\" content=\"MMO S.p.A.\" \/>\n<meta property=\"article:modified_time\" content=\"2022-02-28T15:39:10+00:00\" \/>\n<meta name=\"twitter:card\" content=\"summary_large_image\" \/>\n<meta name=\"twitter:label1\" content=\"Dur\u00e9e de lecture estim\u00e9e\" \/>\n\t<meta name=\"twitter:data1\" content=\"7 minutes\" \/>\n<script type=\"application\/ld+json\" class=\"yoast-schema-graph\">{\"@context\":\"https:\/\/schema.org\",\"@graph\":[{\"@type\":\"WebPage\",\"@id\":\"https:\/\/www.makemoneyorganization.com\/fr\/clauses-de-participation-aux-seminaires\/\",\"url\":\"https:\/\/www.makemoneyorganization.com\/fr\/clauses-de-participation-aux-seminaires\/\",\"name\":\"Clauses de participation aux s\u00e9minaires | MMO S.p.A.\",\"isPartOf\":{\"@id\":\"https:\/\/www.makemoneyorganization.com\/fr\/#website\"},\"datePublished\":\"2021-06-14T09:36:05+00:00\",\"dateModified\":\"2022-02-28T15:39:10+00:00\",\"breadcrumb\":{\"@id\":\"https:\/\/www.makemoneyorganization.com\/fr\/clauses-de-participation-aux-seminaires\/#breadcrumb\"},\"inLanguage\":\"fr-FR\",\"potentialAction\":[{\"@type\":\"ReadAction\",\"target\":[\"https:\/\/www.makemoneyorganization.com\/fr\/clauses-de-participation-aux-seminaires\/\"]}]},{\"@type\":\"BreadcrumbList\",\"@id\":\"https:\/\/www.makemoneyorganization.com\/fr\/clauses-de-participation-aux-seminaires\/#breadcrumb\",\"itemListElement\":[{\"@type\":\"ListItem\",\"position\":1,\"name\":\"Home\",\"item\":\"https:\/\/www.makemoneyorganization.com\/fr\/\"},{\"@type\":\"ListItem\",\"position\":2,\"name\":\"Clauses de participation aux s\u00e9minaires\"}]},{\"@type\":\"WebSite\",\"@id\":\"https:\/\/www.makemoneyorganization.com\/fr\/#website\",\"url\":\"https:\/\/www.makemoneyorganization.com\/fr\/\",\"name\":\"MMO S.p.A.\",\"description\":\"Percorsi di formazione immobiliare e seminari specifici per il tuo business\",\"publisher\":{\"@id\":\"https:\/\/www.makemoneyorganization.com\/fr\/#organization\"},\"potentialAction\":[{\"@type\":\"SearchAction\",\"target\":{\"@type\":\"EntryPoint\",\"urlTemplate\":\"https:\/\/www.makemoneyorganization.com\/fr\/?s={search_term_string}\"},\"query-input\":\"required name=search_term_string\"}],\"inLanguage\":\"fr-FR\"},{\"@type\":\"Organization\",\"@id\":\"https:\/\/www.makemoneyorganization.com\/fr\/#organization\",\"name\":\"Make Money Organization\",\"url\":\"https:\/\/www.makemoneyorganization.com\/fr\/\",\"sameAs\":[],\"logo\":{\"@type\":\"ImageObject\",\"inLanguage\":\"fr-FR\",\"@id\":\"https:\/\/www.makemoneyorganization.com\/fr\/#\/schema\/logo\/image\/\",\"url\":\"https:\/\/www.makemoneyorganization.com\/wp-content\/uploads\/2020\/05\/logo-make-money-finale.png\",\"contentUrl\":\"https:\/\/www.makemoneyorganization.com\/wp-content\/uploads\/2020\/05\/logo-make-money-finale.png\",\"width\":2726,\"height\":1408,\"caption\":\"Make Money Organization\"},\"image\":{\"@id\":\"https:\/\/www.makemoneyorganization.com\/fr\/#\/schema\/logo\/image\/\"}}]}<\/script>\n<!-- \/ Yoast SEO plugin. -->","yoast_head_json":{"title":"Clauses de participation aux s\u00e9minaires | MMO S.p.A.","robots":{"index":"index","follow":"follow","max-snippet":"max-snippet:-1","max-image-preview":"max-image-preview:large","max-video-preview":"max-video-preview:-1"},"canonical":"https:\/\/www.makemoneyorganization.com\/fr\/clauses-de-participation-aux-seminaires\/","og_locale":"fr_FR","og_type":"article","og_title":"Clauses de participation aux s\u00e9minaires | MMO S.p.A.","og_description":"Clauses de s\u00e9minaire en personne 1. La demande d\u2019inscription prend effet d\u00e8s r\u00e9ception par MMO S.p.A. du formulaire d\u00fbment compl\u00e9t\u00e9 et du paiement des frais d\u2019inscription au(x) cours. Ces frais incluent le droit de participation au(x) s\u00e9minaire(s) et le mat\u00e9riel didactique. Les enregistrements audio et vid\u00e9o sont formellement interdits pendant les cours. 2. Les frais [&hellip;]","og_url":"https:\/\/www.makemoneyorganization.com\/fr\/clauses-de-participation-aux-seminaires\/","og_site_name":"MMO S.p.A.","article_modified_time":"2022-02-28T15:39:10+00:00","twitter_card":"summary_large_image","twitter_misc":{"Dur\u00e9e de lecture estim\u00e9e":"7 minutes"},"schema":{"@context":"https:\/\/schema.org","@graph":[{"@type":"WebPage","@id":"https:\/\/www.makemoneyorganization.com\/fr\/clauses-de-participation-aux-seminaires\/","url":"https:\/\/www.makemoneyorganization.com\/fr\/clauses-de-participation-aux-seminaires\/","name":"Clauses de participation aux s\u00e9minaires | MMO S.p.A.","isPartOf":{"@id":"https:\/\/www.makemoneyorganization.com\/fr\/#website"},"datePublished":"2021-06-14T09:36:05+00:00","dateModified":"2022-02-28T15:39:10+00:00","breadcrumb":{"@id":"https:\/\/www.makemoneyorganization.com\/fr\/clauses-de-participation-aux-seminaires\/#breadcrumb"},"inLanguage":"fr-FR","potentialAction":[{"@type":"ReadAction","target":["https:\/\/www.makemoneyorganization.com\/fr\/clauses-de-participation-aux-seminaires\/"]}]},{"@type":"BreadcrumbList","@id":"https:\/\/www.makemoneyorganization.com\/fr\/clauses-de-participation-aux-seminaires\/#breadcrumb","itemListElement":[{"@type":"ListItem","position":1,"name":"Home","item":"https:\/\/www.makemoneyorganization.com\/fr\/"},{"@type":"ListItem","position":2,"name":"Clauses de participation aux s\u00e9minaires"}]},{"@type":"WebSite","@id":"https:\/\/www.makemoneyorganization.com\/fr\/#website","url":"https:\/\/www.makemoneyorganization.com\/fr\/","name":"MMO S.p.A.","description":"Percorsi di formazione immobiliare e seminari specifici per il tuo business","publisher":{"@id":"https:\/\/www.makemoneyorganization.com\/fr\/#organization"},"potentialAction":[{"@type":"SearchAction","target":{"@type":"EntryPoint","urlTemplate":"https:\/\/www.makemoneyorganization.com\/fr\/?s={search_term_string}"},"query-input":"required name=search_term_string"}],"inLanguage":"fr-FR"},{"@type":"Organization","@id":"https:\/\/www.makemoneyorganization.com\/fr\/#organization","name":"Make Money Organization","url":"https:\/\/www.makemoneyorganization.com\/fr\/","sameAs":[],"logo":{"@type":"ImageObject","inLanguage":"fr-FR","@id":"https:\/\/www.makemoneyorganization.com\/fr\/#\/schema\/logo\/image\/","url":"https:\/\/www.makemoneyorganization.com\/wp-content\/uploads\/2020\/05\/logo-make-money-finale.png","contentUrl":"https:\/\/www.makemoneyorganization.com\/wp-content\/uploads\/2020\/05\/logo-make-money-finale.png","width":2726,"height":1408,"caption":"Make Money Organization"},"image":{"@id":"https:\/\/www.makemoneyorganization.com\/fr\/#\/schema\/logo\/image\/"}}]}},"_links":{"self":[{"href":"https:\/\/www.makemoneyorganization.com\/fr\/wp-json\/wp\/v2\/pages\/4454"}],"collection":[{"href":"https:\/\/www.makemoneyorganization.com\/fr\/wp-json\/wp\/v2\/pages"}],"about":[{"href":"https:\/\/www.makemoneyorganization.com\/fr\/wp-json\/wp\/v2\/types\/page"}],"author":[{"embeddable":true,"href":"https:\/\/www.makemoneyorganization.com\/fr\/wp-json\/wp\/v2\/users\/146"}],"replies":[{"embeddable":true,"href":"https:\/\/www.makemoneyorganization.com\/fr\/wp-json\/wp\/v2\/comments?post=4454"}],"version-history":[{"count":6,"href":"https:\/\/www.makemoneyorganization.com\/fr\/wp-json\/wp\/v2\/pages\/4454\/revisions"}],"predecessor-version":[{"id":6820,"href":"https:\/\/www.makemoneyorganization.com\/fr\/wp-json\/wp\/v2\/pages\/4454\/revisions\/6820"}],"wp:attachment":[{"href":"https:\/\/www.makemoneyorganization.com\/fr\/wp-json\/wp\/v2\/media?parent=4454"}],"curies":[{"name":"wp","href":"https:\/\/api.w.org\/{rel}","templated":true}]}}